{"id":282,"date":"2018-10-11T14:59:57","date_gmt":"2018-10-11T14:59:57","guid":{"rendered":"http:\/\/granitas.az\/sas-s-hif\/"},"modified":"2023-03-29T11:14:58","modified_gmt":"2023-03-29T11:14:58","slug":"sas-s-hif","status":"publish","type":"page","link":"https:\/\/granitas.az\/en\/","title":{"rendered":"Main Page"},"content":{"rendered":"<div class=\"wpb-content-wrapper\"><p>[vc_row full_width=&#8221;stretch_row_content_no_spaces&#8221;][vc_column][granitas_bilet_banner][\/vc_column][\/vc_row][vc_row full_width=&#8221;stretch_row_content_no_spaces&#8221;][vc_column][granitas_services title=&#8221;Services&#8221;][\/vc_column][\/vc_row][vc_row full_width=&#8221;stretch_row_content_no_spaces&#8221;][vc_column][granitas_best_tours tour_cat=&#8221;10&#8243; title=&#8221;\u018fN YAX\u015eI T\u018fKL\u0130FL\u018fR&#8221;][\/vc_column][\/vc_row][vc_row full_width=&#8221;stretch_row_content_no_spaces&#8221;][vc_column][granitas_tour_categories icon_img=&#8221;&#8221;][\/vc_column][\/vc_row][vc_row full_width=&#8221;stretch_row_content_no_spaces&#8221;][vc_column][granitas_tour_carousel posts_per_page=&#8221;5&#8243; tour_cat=&#8221;11&#8243; title=&#8221;M\u018f\u015eHUR TURLAR&#8221; text_1=&#8221;B\u00fct\u00fcn t\u0259klifl\u0259rimiz y\u00fcks\u0259k standardlara cavab verir.&#8221; text_2=&#8221;X\u0259yallar\u0131n\u0131z\u0131n s\u0259rh\u0259ddini biziml\u0259 a\u015f\u0131n.&#8221;][\/vc_column][\/vc_row][vc_row][vc_column][granitas_news loop=&#8221;size:2|post_type:post|authors:1&#8243; title=&#8221;BLOG&#8221; link=&#8221;url:https%3A%2F%2Fgranitas.az%2Fen%2Fbloq%2F|||&#8221;][\/vc_column][\/vc_row][vc_row full_width=&#8221;stretch_row_content_no_spaces&#8221;][vc_column][granitas_contact_section cf7=&#8221;4706&#8243; title=&#8221;CONTACT US&#8221; address=&#8221;Huseyn Javid 80&#8243; phone_number=&#8221;+994 12 447 48 43&#8243; e_mail=&#8221;<a href=\"mailto: info@granitas.az\" data-internallinksmanager029f6b8e52c=\"4\" title=\"Mail\" target=\"_blank\" rel=\"noopener\">info@granitas.az<\/a>&#8221;][\/vc_column][\/vc_row]<\/p>\n<\/div>","protected":false},"excerpt":{"rendered":"<p>[vc_row full_width=&#8221;stretch_row_content_no_spaces&#8221;][vc_column][granitas_bilet_banner][\/vc_column][\/vc_row][vc_row full_width=&#8221;stretch_row_content_no_spaces&#8221;][vc_column][granitas_services title=&#8221;Services&#8221;][\/vc_column][\/vc_row][vc_row full_width=&#8221;stretch_row_content_no_spaces&#8221;][vc_column][granitas_best_tours tour_cat=&#8221;10&#8243; title=&#8221;\u018fN YAX\u015eI T\u018fKL\u0130FL\u018fR&#8221;][\/vc_column][\/vc_row][vc_row full_width=&#8221;stretch_row_content_no_spaces&#8221;][vc_column][granitas_tour_categories icon_img=&#8221;&#8221;][\/vc_column][\/vc_row][vc_row full_width=&#8221;stretch_row_content_no_spaces&#8221;][vc_column][granitas_tour_carousel posts_per_page=&#8221;5&#8243; tour_cat=&#8221;11&#8243; title=&#8221;M\u018f\u015eHUR TURLAR&#8221; text_1=&#8221;B\u00fct\u00fcn t\u0259klifl\u0259rimiz y\u00fcks\u0259k standardlara cavab verir.&#8221; text_2=&#8221;X\u0259yallar\u0131n\u0131z\u0131n s\u0259rh\u0259ddini biziml\u0259 a\u015f\u0131n.&#8221;][\/vc_column][\/vc_row][vc_row][vc_column][granitas_news loop=&#8221;size:2|post_type:post|authors:1&#8243; title=&#8221;BLOG&#8221; link=&#8221;url:https%3A%2F%2Fgranitas.az%2Fen%2Fbloq%2F|||&#8221;][\/vc_column][\/vc_row][vc_row full_width=&#8221;stretch_row_content_no_spaces&#8221;][vc_column][granitas_contact_section cf7=&#8221;4706&#8243; title=&#8221;CONTACT US&#8221;&#8230;<\/p>\n","protected":false},"author":1,"featured_media":348,"parent":0,"menu_order":0,"comment_status":"closed","ping_status":"closed","template":"","meta":{"footnotes":""},"class_list":["post-282","page","type-page","status-publish","has-post-thumbnail","hentry"],"_links":{"self":[{"href":"https:\/\/granitas.az\/en\/wp-json\/wp\/v2\/pages\/282","targetHints":{"allow":["GET"]}}],"collection":[{"href":"https:\/\/granitas.az\/en\/wp-json\/wp\/v2\/pages"}],"about":[{"href":"https:\/\/granitas.az\/en\/wp-json\/wp\/v2\/types\/page"}],"author":[{"embeddable":true,"href":"https:\/\/granitas.az\/en\/wp-json\/wp\/v2\/users\/1"}],"replies":[{"embeddable":true,"href":"https:\/\/granitas.az\/en\/wp-json\/wp\/v2\/comments?post=282"}],"version-history":[{"count":7,"href":"https:\/\/granitas.az\/en\/wp-json\/wp\/v2\/pages\/282\/revisions"}],"predecessor-version":[{"id":4739,"href":"https:\/\/granitas.az\/en\/wp-json\/wp\/v2\/pages\/282\/revisions\/4739"}],"wp:featuredmedia":[{"embeddable":true,"href":"https:\/\/granitas.az\/en\/wp-json\/wp\/v2\/media\/348"}],"wp:attachment":[{"href":"https:\/\/granitas.az\/en\/wp-json\/wp\/v2\/media?parent=282"}],"curies":[{"name":"wp","href":"https:\/\/api.w.org\/{rel}","templated":true}]}}